{"id":1531,"date":"2025-06-02T10:52:56","date_gmt":"2025-06-02T05:22:56","guid":{"rendered":"https:\/\/alivira.be.popopower.com\/inscription\/"},"modified":"2025-06-02T10:52:56","modified_gmt":"2025-06-02T05:22:56","slug":"inscription","status":"publish","type":"page","link":"https:\/\/alivira.be\/fr\/inscription\/","title":{"rendered":"Inscription"},"content":{"rendered":"\t<div class='user-registration ur-frontend-form   ' id='user-registration-form-1443'>\n\t\t\t\t\t\t\t\t<form method='post' class='register' data-form-id=\"1443\"\n\t\t\t\tdata-enable-strength-password=\"1\" data-minimum-password-strength=\"3\"\n\t\t\t\t\t\t\t\t\t\t\t\t\t\t\t data-captcha-enabled=\"\">\n\n\t\t\t\t<div class=\"ur-form-row\" data-row-id=\"0\">\t\t\t\t\t\t<div class=\"ur-form-grid ur-grid-1\"\n\t\t\t\t\t\t\tstyle=\"width:48%\">\n\t\t\t\t\t\t\t\t\t\t\t\t<\/div>\n\t\t\t\t\t\t\t\t\t\t\t\t<div class=\"ur-form-grid ur-grid-2\"\n\t\t\t\t\t\t\tstyle=\"width:48%\">\n\t\t\t\t\t\t\t\t\t\t\t\t<\/div>\n\t\t\t\t\t\t\t\t\t\t\t<\/div>\n\t\t\t\t\t<div class=\"ur-form-row\" data-row-id=\"1\">\t\t\t\t\t\t<div class=\"ur-form-grid ur-grid-1\"\n\t\t\t\t\t\t\tstyle=\"width:48%\">\n\t\t\t\t\t\t\t\t\t\t\t\t\t\t<div  data-field-id=\"user_login\" class=\"ur-field-item field-user_login \" data-ref-id=\"user_login\" data-field-pattern-enabled=\"0\" data-field-pattern-value=\" \" data-field-pattern-message=\"Please provide a valid value for this field.\">\n\t\t\t\t\t\t\t\t\t<div class=\"form-row validate-required\" id=\"user_login_field\" data-priority=\"\" ><label for=\"user_login\" class=\"ur-label\">Nom <abbr class=\"required\" title=\"required\">*<\/abbr><\/label> <span class=\"input-wrapper\"> <input  data-rules=\"\" data-id=\"user_login\" type=\"text\" class=\"input-text  without_icon input-text ur-frontend-field  \" name=\"user_login\" id=\"user_login\" placeholder=\"\"  value=\"\" required=\"required\" data-label=\"Nom\" data-username-character=\"1\"\/> <\/span> <\/div>\t\t\t\t\t\t\t\t<\/div>\n\t\t\t\t\t\t\t\t\t\t\t\t\t\t<\/div>\n\t\t\t\t\t\t\t\t\t\t\t\t<div class=\"ur-form-grid ur-grid-2\"\n\t\t\t\t\t\t\tstyle=\"width:48%\">\n\t\t\t\t\t\t\t\t\t\t\t\t\t\t<div  data-field-id=\"last_name\" class=\"ur-field-item field-last_name \" data-ref-id=\"last_name\" data-field-pattern-enabled=\"0\" data-field-pattern-value=\" \" data-field-pattern-message=\"Please provide a valid value for this field.\">\n\t\t\t\t\t\t\t\t\t<div class=\"form-row validate-required\" id=\"last_name_field\" data-priority=\"\" ><label for=\"last_name\" class=\"ur-label\">Prenom <abbr class=\"required\" title=\"required\">*<\/abbr><\/label> <span class=\"input-wrapper\"> <input  data-rules=\"\" data-id=\"last_name\" type=\"text\" class=\"input-text  without_icon input-text ur-frontend-field  \" name=\"last_name\" id=\"last_name\" placeholder=\"\"  value=\"\" required=\"required\" data-label=\"Prenom\" \/> <\/span> <\/div>\t\t\t\t\t\t\t\t<\/div>\n\t\t\t\t\t\t\t\t\t\t\t\t\t\t<\/div>\n\t\t\t\t\t\t\t\t\t\t\t<\/div>\n\t\t\t\t\t<div class=\"ur-form-row\" data-row-id=\"2\">\t\t\t\t\t\t<div class=\"ur-form-grid ur-grid-1\"\n\t\t\t\t\t\t\tstyle=\"width:48%\">\n\t\t\t\t\t\t\t\t\t\t\t\t\t\t<div  data-field-id=\"select_1748843549\" class=\"ur-field-item field-select \" data-ref-id=\"select_1748843549\" data-field-pattern-enabled=\"0\" data-field-pattern-value=\" \" data-field-pattern-message=\" \">\n\t\t\t\t\t\t\t\t\t<div class=\"form-row validate-required\" id=\"select_1748843549_field\" data-priority=\"\" ><label for=\"select_1748843549\" class=\"ur-label\">Land <abbr class=\"required\" title=\"required\">*<\/abbr><\/label><select data-rules=\"\" data-id=\"select_1748843549\" name=\"select_1748843549\" id=\"select_1748843549\" class=\"select ur-frontend-field  \" required=\"required\" data-label=\"Land\" data-default=\"Belgi\u00eb\" data-allow_clear=\"true\" data-placeholder=\"\">\n\t\t\t\t\t\t\t<option value=\"Belgi\u00eb\"  selected='selected'>Belgi\u00eb<\/option><option value=\"Nederland\" >Nederland<\/option><option value=\"Luxembourg\" >Luxembourg<\/option>\n\t\t\t\t\t\t<\/select><\/div>\t\t\t\t\t\t\t\t<\/div>\n\t\t\t\t\t\t\t\t\t\t\t\t\t\t<\/div>\n\t\t\t\t\t\t\t\t\t\t\t\t<div class=\"ur-form-grid ur-grid-2\"\n\t\t\t\t\t\t\tstyle=\"width:48%\">\n\t\t\t\t\t\t\t\t\t\t\t\t\t\t<div  data-field-id=\"number_box_1748843961\" class=\"ur-field-item field-number \" data-ref-id=\"number_box_1748843961\" data-field-pattern-enabled=\"0\" data-field-pattern-value=\" \" data-field-pattern-message=\"Please provide a valid value for this field.\">\n\t\t\t\t\t\t\t\t\t<div class=\"form-row validate-required\" id=\"number_box_1748843961_field\" data-priority=\"\" ><label for=\"number_box_1748843961\" class=\"ur-label\">Numero de registration veterinaire <abbr class=\"required\" title=\"required\">*<\/abbr><\/label> <span class=\"input-wrapper\"> <input  data-rules=\"\" data-id=\"number_box_1748843961\" type=\"number\" class=\"input-text  without_icon input-number ur-frontend-field  \" name=\"number_box_1748843961\" id=\"number_box_1748843961\" placeholder=\"\"  value=\"\" required=\"required\" data-label=\"Numero de registration veterinaire\" step=\"1\" \/> <\/span> <\/div>\t\t\t\t\t\t\t\t<\/div>\n\t\t\t\t\t\t\t\t\t\t\t\t\t\t<\/div>\n\t\t\t\t\t\t\t\t\t\t\t<\/div>\n\t\t\t\t\t<div class=\"ur-form-row\" data-row-id=\"5\">\t\t\t\t\t\t<div class=\"ur-form-grid ur-grid-1\"\n\t\t\t\t\t\t\tstyle=\"width:99%\">\n\t\t\t\t\t\t\t\t\t\t\t\t\t\t<div  data-field-id=\"input_box_1748844152\" class=\"ur-field-item field-text \" data-ref-id=\"input_box_1748844152\" data-field-pattern-enabled=\"0\" data-field-pattern-value=\" \" data-field-pattern-message=\"Please provide a valid value for this field.\">\n\t\t\t\t\t\t\t\t\t<div class=\"form-row validate-required\" id=\"input_box_1748844152_field\" data-priority=\"\" ><label for=\"input_box_1748844152\" class=\"ur-label\">Nom de Clinique veterinaire <abbr class=\"required\" title=\"required\">*<\/abbr><\/label> <span class=\"input-wrapper\"> <input  data-rules=\"\" data-id=\"input_box_1748844152\" type=\"text\" class=\"input-text  without_icon input-text ur-frontend-field  \" name=\"input_box_1748844152\" id=\"input_box_1748844152\" placeholder=\"\"  value=\"\" required=\"required\" data-label=\"Nom de Clinique veterinaire\" \/> <\/span> <\/div>\t\t\t\t\t\t\t\t<\/div>\n\t\t\t\t\t\t\t\t\t\t\t\t\t\t<\/div>\n\t\t\t\t\t\t\t\t\t\t\t<\/div>\n\t\t\t\t\t<div class=\"ur-form-row\" data-row-id=\"4\">\t\t\t\t\t\t<div class=\"ur-form-grid ur-grid-1\"\n\t\t\t\t\t\t\tstyle=\"width:48%\">\n\t\t\t\t\t\t\t\t\t\t\t\t\t\t<div  data-field-id=\"user_email\" class=\"ur-field-item field-user_email \" data-ref-id=\"user_email\" data-field-pattern-enabled=\"0\" data-field-pattern-value=\" \" data-field-pattern-message=\" \">\n\t\t\t\t\t\t\t\t\t<div class=\"form-row validate-required\" id=\"user_email_field\" data-priority=\"\" ><label for=\"user_email\" class=\"ur-label\">Email <abbr class=\"required\" title=\"required\">*<\/abbr><\/label> <span class=\"input-wrapper\"> <input  data-rules=\"\" data-id=\"user_email\" type=\"email\" class=\"input-text  without_icon input-email ur-frontend-field  \" name=\"user_email\" id=\"user_email\" placeholder=\"\"  value=\"\" required=\"required\" data-label=\"Email\" \/> <\/span> <\/div>\t\t\t\t\t\t\t\t<\/div>\n\t\t\t\t\t\t\t\t\t\t\t\t\t\t<\/div>\n\t\t\t\t\t\t\t\t\t\t\t\t<div class=\"ur-form-grid ur-grid-2\"\n\t\t\t\t\t\t\tstyle=\"width:48%\">\n\t\t\t\t\t\t\t\t\t\t\t\t\t\t<div  data-field-id=\"number_box_1748844532\" class=\"ur-field-item field-number \" data-ref-id=\"number_box_1748844532\" data-field-pattern-enabled=\"0\" data-field-pattern-value=\" \" data-field-pattern-message=\"Please provide a valid value for this field.\">\n\t\t\t\t\t\t\t\t\t<div class=\"form-row validate-required\" id=\"number_box_1748844532_field\" data-priority=\"\" ><label for=\"number_box_1748844532\" class=\"ur-label\">Numero de Thelephone <abbr class=\"required\" title=\"required\">*<\/abbr><\/label> <span class=\"input-wrapper\"> <input  data-rules=\"\" data-id=\"number_box_1748844532\" type=\"number\" class=\"input-text  without_icon input-number ur-frontend-field  \" name=\"number_box_1748844532\" id=\"number_box_1748844532\" placeholder=\"\"  value=\"\" required=\"required\" data-label=\"Numero de Thelephone\" step=\"1\" \/> <\/span> <\/div>\t\t\t\t\t\t\t\t<\/div>\n\t\t\t\t\t\t\t\t\t\t\t\t\t\t<\/div>\n\t\t\t\t\t\t\t\t\t\t\t<\/div>\n\t\t\t\t\t<div class=\"ur-form-row\" data-row-id=\"7\">\t\t\t\t\t\t<div class=\"ur-form-grid ur-grid-1\"\n\t\t\t\t\t\t\tstyle=\"width:99%\">\n\t\t\t\t\t\t\t\t\t\t\t\t\t\t<div  data-field-id=\"privacy_policy_1748844606\" class=\"ur-field-item field-privacy_policy \" data-ref-id=\"privacy_policy_1748844606\" data-field-pattern-enabled=\"0\" data-field-pattern-value=\" \" data-field-pattern-message=\" \">\n\t\t\t\t\t\t\t\t\t<div class=\"form-row validate-required\" id=\"privacy_policy_1748844606_field\" data-priority=\"\" ><label class=\"ur-label checkbox\" required=\"required\" data-label=\"J&#039;accepte les conditions relatives aux cookies et au RGPD\">\n\t\t\t\t\t\t\t<input data-rules=\"\" data-id=\"privacy_policy_1748844606\" required=\"required\" data-label=\"J&#039;accepte les conditions relatives aux cookies et au RGPD\" data-value=\"\" type=\"checkbox\" class=\"input-checkbox ur-frontend-field \" name=\"privacy_policy_1748844606\" id=\"privacy_policy_1748844606\" value=\"1\"  \/> J'accepte les conditions relatives aux cookies et au RGPD <abbr class=\"required\" title=\"required\">*<\/abbr><\/label><span class=\"description\">J\u2019accepte les conditions telles qu\u2019\u00e9nonc\u00e9es dans les pages Politique de confidentialit\u00e9 et Politique relative aux cookies, et je d\u00e9clare avoir consult\u00e9 les informations comme requis par l\u2019article 13 du RGPD.<\/span><\/div>\t\t\t\t\t\t\t\t<\/div>\n\t\t\t\t\t\t\t\t\t\t\t\t\t\t\t\t<div  data-field-id=\"captcha_1748844641\" class=\"ur-field-item field-captcha \" data-ref-id=\"captcha_1748844641\" data-field-pattern-enabled=\"0\" data-field-pattern-value=\" \" data-field-pattern-message=\" \">\n\t\t\t\t\t\t\t\t\t<div class=\"form-row \" id=\"captcha_1748844641\" data-priority=\"\"><label class=\"ur-label\" for=\"Captcha\">Captcha <abbr class=\"required\" title=\"required\">*<\/abbr><\/label><span class=\"input-wrapper ur-captcha-math\"> <span class=\"ur-captcha-equation\" style = \"margin-right:10px; display:inline-block\">\n\t\t\t\t\t\t\t<span class=\"n1\" value=\"\"><\/span>\n\t\t\t\t\t\t\t<span class=\"cal\"><\/span>\n\t\t\t\t\t\t\t<span class=\"n2\"><\/span>\n\t\t\t\t\t\t\t<span class=\"e\">=<\/span>\n\t\t\t\t\t\t\t<\/span><input data-rules=\"\" data-id=\"captcha_1748844641\" type=\"text\" class=\"input-captcha ur-frontend-field  \" name=\"captcha_1748844641\" id=\"captcha_1748844641\" placeholder=\"\"  value=\"\" data-label=\"Captcha\" \/><input type=\"hidden\" name=\"captcha_1748844641[cal]\" class=\"cal\"><input type=\"hidden\" name=\"captcha_1748844641[n2]\" class=\"n2\"><input type=\"hidden\" name=\"captcha_1748844641[n1]\" class=\"n1\"><\/span><\/div>\t\t\t\t\t\t\t\t<\/div>\n\t\t\t\t\t\t\t\t\t\t\t\t\t\t<\/div>\n\t\t\t\t\t\t\t\t\t\t\t<\/div>\n\t\t\t\t\t\t\t\t\t\t\t\t\t\t\t\t\t<div class=\"ur-button-container \" >\n\t\t\t\t\t\t\t\t\t\t\t\t\t\t<button type=\"submit\" class=\"btn button ur-submit-button \"  conditional_rules=\"&quot;&quot;\">\n\t\t\t\t\t\t\t\t<span><\/span>\n\t\t\t\t\t\t\t\tEnvoyer\t\t\t\t\t\t\t<\/button>\n\t\t\t\t\t\t\t\t\t\t\t\t\t\t\t\t\t\t\t\t<\/div>\n\t\t\t\t\t\t\n\t\t\t\t<div style=\"clear:both\"><\/div>\n\t\t\t\t\t\t\t\t<input type=\"hidden\" name=\"ur-registration-language\" value=\"fr\"\/>\n\t\t\t\t<input type=\"hidden\" name=\"ur-user-form-id\" value=\"1443\"\/>\n\t\t\t\t<input type=\"hidden\" name=\"ur-redirect-url\" value=\"\"\/>\n\t\t\t\t<input type=\"hidden\" id=\"ur_frontend_form_nonce\" name=\"ur_frontend_form_nonce\" value=\"2a0c771409\" \/>\n\t\t\t\t\t\t\t<\/form>\n\t\t\t\n\t\t<div style=\"clear:both\"><\/div>\n\t<\/div>\n\n","protected":false},"excerpt":{"rendered":"","protected":false},"author":1,"featured_media":0,"parent":0,"menu_order":0,"comment_status":"closed","ping_status":"closed","template":"","meta":{"_acf_changed":false,"footnotes":"","_wp_rev_ctl_limit":""},"class_list":["post-1531","page","type-page","status-publish","hentry"],"acf":[],"yoast_head":"<!-- This site is optimized with the Yoast SEO plugin v27.4 - https:\/\/yoast.com\/product\/yoast-seo-wordpress\/ -->\n<title>Inscription - Alivira Belgium<\/title>\n<meta name=\"robots\" content=\"index, follow, max-snippet:-1, max-image-preview:large, max-video-preview:-1\" \/>\n<link rel=\"canonical\" href=\"https:\/\/alivira.be\/inscription\/\" \/>\n<meta property=\"og:locale\" content=\"fr_FR\" \/>\n<meta property=\"og:type\" content=\"article\" \/>\n<meta property=\"og:title\" content=\"Inscription - Alivira Belgium\" \/>\n<meta property=\"og:url\" content=\"https:\/\/alivira.be\/inscription\/\" \/>\n<meta property=\"og:site_name\" content=\"Alivira Belgium\" \/>\n<meta name=\"twitter:card\" content=\"summary_large_image\" \/>\n<script type=\"application\/ld+json\" class=\"yoast-schema-graph\">{\"@context\":\"https:\\\/\\\/schema.org\",\"@graph\":[{\"@type\":\"WebPage\",\"@id\":\"https:\\\/\\\/alivira.be\\\/inscription\\\/\",\"url\":\"https:\\\/\\\/alivira.be\\\/inscription\\\/\",\"name\":\"Inscription - Alivira Belgium\",\"isPartOf\":{\"@id\":\"https:\\\/\\\/alivira.be\\\/#website\"},\"datePublished\":\"2025-06-02T05:22:56+00:00\",\"breadcrumb\":{\"@id\":\"https:\\\/\\\/alivira.be\\\/inscription\\\/#breadcrumb\"},\"inLanguage\":\"fr-FR\",\"potentialAction\":[{\"@type\":\"ReadAction\",\"target\":[\"https:\\\/\\\/alivira.be\\\/inscription\\\/\"]}]},{\"@type\":\"BreadcrumbList\",\"@id\":\"https:\\\/\\\/alivira.be\\\/inscription\\\/#breadcrumb\",\"itemListElement\":[{\"@type\":\"ListItem\",\"position\":1,\"name\":\"Home\",\"item\":\"https:\\\/\\\/alivira.be\\\/\"},{\"@type\":\"ListItem\",\"position\":2,\"name\":\"Inscription\"}]},{\"@type\":\"WebSite\",\"@id\":\"https:\\\/\\\/alivira.be\\\/#website\",\"url\":\"https:\\\/\\\/alivira.be\\\/\",\"name\":\"Alivira Belgium\",\"description\":\"\",\"potentialAction\":[{\"@type\":\"SearchAction\",\"target\":{\"@type\":\"EntryPoint\",\"urlTemplate\":\"https:\\\/\\\/alivira.be\\\/?s={search_term_string}\"},\"query-input\":{\"@type\":\"PropertyValueSpecification\",\"valueRequired\":true,\"valueName\":\"search_term_string\"}}],\"inLanguage\":\"fr-FR\"}]}<\/script>\n<!-- \/ Yoast SEO plugin. -->","yoast_head_json":{"title":"Inscription - Alivira Belgium","robots":{"index":"index","follow":"follow","max-snippet":"max-snippet:-1","max-image-preview":"max-image-preview:large","max-video-preview":"max-video-preview:-1"},"canonical":"https:\/\/alivira.be\/inscription\/","og_locale":"fr_FR","og_type":"article","og_title":"Inscription - Alivira Belgium","og_url":"https:\/\/alivira.be\/inscription\/","og_site_name":"Alivira Belgium","twitter_card":"summary_large_image","schema":{"@context":"https:\/\/schema.org","@graph":[{"@type":"WebPage","@id":"https:\/\/alivira.be\/inscription\/","url":"https:\/\/alivira.be\/inscription\/","name":"Inscription - Alivira Belgium","isPartOf":{"@id":"https:\/\/alivira.be\/#website"},"datePublished":"2025-06-02T05:22:56+00:00","breadcrumb":{"@id":"https:\/\/alivira.be\/inscription\/#breadcrumb"},"inLanguage":"fr-FR","potentialAction":[{"@type":"ReadAction","target":["https:\/\/alivira.be\/inscription\/"]}]},{"@type":"BreadcrumbList","@id":"https:\/\/alivira.be\/inscription\/#breadcrumb","itemListElement":[{"@type":"ListItem","position":1,"name":"Home","item":"https:\/\/alivira.be\/"},{"@type":"ListItem","position":2,"name":"Inscription"}]},{"@type":"WebSite","@id":"https:\/\/alivira.be\/#website","url":"https:\/\/alivira.be\/","name":"Alivira Belgium","description":"","potentialAction":[{"@type":"SearchAction","target":{"@type":"EntryPoint","urlTemplate":"https:\/\/alivira.be\/?s={search_term_string}"},"query-input":{"@type":"PropertyValueSpecification","valueRequired":true,"valueName":"search_term_string"}}],"inLanguage":"fr-FR"}]}},"_links":{"self":[{"href":"https:\/\/alivira.be\/fr\/wp-json\/wp\/v2\/pages\/1531","targetHints":{"allow":["GET"]}}],"collection":[{"href":"https:\/\/alivira.be\/fr\/wp-json\/wp\/v2\/pages"}],"about":[{"href":"https:\/\/alivira.be\/fr\/wp-json\/wp\/v2\/types\/page"}],"author":[{"embeddable":true,"href":"https:\/\/alivira.be\/fr\/wp-json\/wp\/v2\/users\/1"}],"replies":[{"embeddable":true,"href":"https:\/\/alivira.be\/fr\/wp-json\/wp\/v2\/comments?post=1531"}],"version-history":[{"count":0,"href":"https:\/\/alivira.be\/fr\/wp-json\/wp\/v2\/pages\/1531\/revisions"}],"wp:attachment":[{"href":"https:\/\/alivira.be\/fr\/wp-json\/wp\/v2\/media?parent=1531"}],"curies":[{"name":"wp","href":"https:\/\/api.w.org\/{rel}","templated":true}]}}