{"id":1912,"date":"2025-06-25T18:03:25","date_gmt":"2025-06-25T12:33:25","guid":{"rendered":"https:\/\/alivira.be.popopower.com\/societe\/"},"modified":"2025-08-12T14:43:30","modified_gmt":"2025-08-12T09:13:30","slug":"societe","status":"publish","type":"page","link":"https:\/\/alivira.be\/fr\/societe\/","title":{"rendered":"Soci\u00e9t\u00e9"},"content":{"rendered":"\t\t<div data-elementor-type=\"wp-page\" data-elementor-id=\"1912\" class=\"elementor elementor-1912 elementor-1861\" data-elementor-post-type=\"page\">\n\t\t\t\t<div class=\"elementor-element elementor-element-7dee07d e-con-full e-flex e-con e-parent\" data-id=\"7dee07d\" data-element_type=\"container\" data-e-type=\"container\" data-settings=\"{&quot;background_background&quot;:&quot;gradient&quot;}\">\n\t\t<div class=\"elementor-element elementor-element-76f34ee e-con-full e-flex e-con e-child\" data-id=\"76f34ee\" data-element_type=\"container\" data-e-type=\"container\">\n\t\t\t\t<div class=\"elementor-element elementor-element-49d71c8 gradient-text elementor-widget elementor-widget-heading\" data-id=\"49d71c8\" data-element_type=\"widget\" data-e-type=\"widget\" data-widget_type=\"heading.default\">\n\t\t\t\t\t<h1 class=\"elementor-heading-title elementor-size-default\">Soci\u00e9t\u00e9<\/h1>\t\t\t\t<\/div>\n\t\t\t\t<\/div>\n\t\t<div class=\"elementor-element elementor-element-190c804 e-con-full elementor-hidden-mobile e-flex e-con e-child\" data-id=\"190c804\" data-element_type=\"container\" data-e-type=\"container\" data-settings=\"{&quot;background_background&quot;:&quot;classic&quot;}\">\n\t\t\t\t<\/div>\n\t\t\t\t<\/div>\n\t\t<div class=\"elementor-element elementor-element-b1f71e8 e-flex e-con-boxed e-con e-parent\" data-id=\"b1f71e8\" data-element_type=\"container\" data-e-type=\"container\" data-settings=\"{&quot;background_background&quot;:&quot;classic&quot;}\">\n\t\t\t\t\t<div class=\"e-con-inner\">\n\t\t<div class=\"elementor-element elementor-element-db8bcdc e-con-full e-flex e-con e-child\" data-id=\"db8bcdc\" data-element_type=\"container\" data-e-type=\"container\">\n\t\t<div class=\"elementor-element elementor-element-0f3468c e-con-full e-flex e-con e-child\" data-id=\"0f3468c\" data-element_type=\"container\" data-e-type=\"container\" data-settings=\"{&quot;background_background&quot;:&quot;classic&quot;}\">\n\t\t\t\t<div class=\"elementor-element elementor-element-14f9b18 elementor-widget elementor-widget-heading\" data-id=\"14f9b18\" data-element_type=\"widget\" data-e-type=\"widget\" data-widget_type=\"heading.default\">\n\t\t\t\t\t<h2 class=\"elementor-heading-title elementor-size-default\">Histoire<\/h2>\t\t\t\t<\/div>\n\t\t\t\t<div class=\"elementor-element elementor-element-446738b elementor-widget elementor-widget-text-editor\" data-id=\"446738b\" data-element_type=\"widget\" data-e-type=\"widget\" data-widget_type=\"text-editor.default\">\n\t\t\t\t\t\t\t\t\t<p><strong>Les Origines de Fendigo : Un V\u00e9ritable Engagement envers les Soins<\/strong><br \/><strong>V\u00e9t\u00e9rinaires Depuis 1995<\/strong><\/p><p>Fendigo SA a \u00e9t\u00e9 fond\u00e9e en Belgique pendant l&rsquo;hiver 1995 par M. Bernard Lucien Bradfer et M. Mats Bo-G\u00f6ran Carlsson. Leur mission commune \u00e9tait claire et ambitieuse : am\u00e9liorer l&rsquo;acc\u00e8s \u00e0 des m\u00e9dicaments v\u00e9t\u00e9rinaires de haute qualit\u00e9 \u00e0 des prix abordables.<br \/>D\u00e8s le d\u00e9part, Fendigo s&rsquo;est distingu\u00e9 en s\u00e9lectionnant des produits v\u00e9t\u00e9rinaires de qualit\u00e9 sup\u00e9rieure et en se concentrant sur des traitements de niche valoris\u00e9s, en particulier dans des domaines th\u00e9rapeutiques sp\u00e9cifiques tels que l&rsquo;ophtalmologie. Cette approche unique a rapidement valu \u00e0 Fendigo une solide r\u00e9putation, \u00e9tablissant l&rsquo;entreprise comme le distributeur pr\u00e9f\u00e9r\u00e9 de plus de 20 fournisseurs europ\u00e9ens de m\u00e9dicaments v\u00e9t\u00e9rinaires et de produits de sant\u00e9 animale. Fort de ce succ\u00e8s, Fendigo a \u00e9tendu sa port\u00e9e en d\u00e9cembre 2000 avec la cr\u00e9ation de Fendigo BV, marquant son entr\u00e9e sur le march\u00e9 du Benelux. L&rsquo;\u00e9quipe a continu\u00e9 de cro\u00eetre et en 2002, notre coll\u00e8gue Faas van der Heijden a rejoint l&rsquo;entreprise, renfor\u00e7ant encore notre pr\u00e9sence et notre expertise dans la r\u00e9gion.<\/p><p><strong>Une \u00c9tape Cruciale en 2015<\/strong><\/p><p>Gr\u00e2ce \u00e0 une approche r\u00e9ussie et cibl\u00e9e, Fendigo a \u00e9t\u00e9 pleinement int\u00e9gr\u00e9 \u00e0 Alivira Animal Health en 2015 &#8211; exactement 20 ans apr\u00e8s sa fondation. Alivira est un leader mondial de la sant\u00e9 animale, pr\u00e9sent dans plus de 90 pays. Le groupe exploite cinq sites de production et quatre centres de R&amp;D situ\u00e9s en Inde, au Br\u00e9sil, en Turquie et en Espagne. Avec une double focalisation sur les animaux de compagnie et le b\u00e9tail, Alivira propose des solutions innovantes qui r\u00e9pondent aux besoins cl\u00e9s de la pratique v\u00e9t\u00e9rinaire, notamment la gestion des antibiotiques, la gestion de la sant\u00e9 intestinale, l&rsquo;anesth\u00e9sie et le contr\u00f4le de la douleur, ainsi que des strat\u00e9gies nutritionnelles pour le bien-\u00eatre animal et la production durable.&rsquo;<\/p><p><strong>La Plus R\u00e9cente \u00c9tape en 2025<\/strong><\/p><p>Le 1er mai 2025, Fendigo a entam\u00e9 un nouveau chapitre : nous avons officiellement chang\u00e9 notre nom en Alivira. Ce changement de nom marque la prochaine \u00e9tape naturelle de notre \u00e9volution. Ce qui a commenc\u00e9 comme Fendigo il y a pr\u00e8s de 30 ans est maintenant pleinement int\u00e9gr\u00e9 dans le r\u00e9seau mondial d&rsquo;Alivira. Aujourd&rsquo;hui, nous op\u00e9rons sous une identit\u00e9 unique et unifi\u00e9e &#8211; plus forts et plus tourn\u00e9s vers l&rsquo;avenir que jamais auparavant. Nous restons fid\u00e8les \u00e0 notre mission, \u00e0 nos valeurs et \u00e0 notre engagement envers nos partenaires &#8211; d\u00e9sormais avec une ambition encore plus grande de fa\u00e7onner l&rsquo;avenir de la sant\u00e9 animale.<\/p>\t\t\t\t\t\t\t\t<\/div>\n\t\t\t\t<\/div>\n\t\t\t\t<\/div>\n\t\t\t\t\t<\/div>\n\t\t\t\t<\/div>\n\t\t<div class=\"elementor-element elementor-element-f763e86 e-flex e-con-boxed e-con e-parent\" data-id=\"f763e86\" data-element_type=\"container\" data-e-type=\"container\" data-settings=\"{&quot;background_background&quot;:&quot;classic&quot;}\">\n\t\t\t\t\t<div class=\"e-con-inner\">\n\t\t\t\t<div class=\"elementor-element elementor-element-3faf473 gradient-text elementor-widget elementor-widget-heading\" data-id=\"3faf473\" data-element_type=\"widget\" data-e-type=\"widget\" data-widget_type=\"heading.default\">\n\t\t\t\t\t<h2 class=\"elementor-heading-title elementor-size-default\">Historique<\/h2>\t\t\t\t<\/div>\n\t\t\t\t<div class=\"elementor-element elementor-element-0cbf838 elementor-arrows-position-outside elementor-widget elementor-widget-n-carousel\" data-id=\"0cbf838\" data-element_type=\"widget\" data-e-type=\"widget\" data-settings=\"{&quot;carousel_items&quot;:[{&quot;slide_title&quot;:&quot;Slide #1&quot;,&quot;_id&quot;:&quot;d2d1a0a&quot;},{&quot;slide_title&quot;:&quot;Slide #1&quot;,&quot;_id&quot;:&quot;6e2d113&quot;},{&quot;slide_title&quot;:&quot;Slide #1&quot;,&quot;_id&quot;:&quot;52a7005&quot;},{&quot;slide_title&quot;:&quot;Slide #1&quot;,&quot;_id&quot;:&quot;6612420&quot;}],&quot;slides_to_scroll&quot;:&quot;1&quot;,&quot;image_spacing_custom&quot;:{&quot;unit&quot;:&quot;px&quot;,&quot;size&quot;:0,&quot;sizes&quot;:[]},&quot;image_spacing_custom_tablet&quot;:{&quot;unit&quot;:&quot;px&quot;,&quot;size&quot;:0,&quot;sizes&quot;:[]},&quot;slides_to_show&quot;:&quot;3&quot;,&quot;slides_to_show_tablet&quot;:&quot;2&quot;,&quot;slides_to_show_mobile&quot;:&quot;1&quot;,&quot;speed&quot;:500,&quot;arrows&quot;:&quot;yes&quot;,&quot;image_spacing_custom_mobile&quot;:{&quot;unit&quot;:&quot;px&quot;,&quot;size&quot;:&quot;&quot;,&quot;sizes&quot;:[]}}\" data-widget_type=\"nested-carousel.default\">\n\t\t\t\t\t\t\t<div class=\"e-n-carousel swiper\" role=\"region\" aria-roledescription=\"carousel\" aria-label=\"Carousel\" dir=\"ltr\">\n\t\t\t<div class=\"swiper-wrapper\" aria-live=\"polite\">\n\t\t\t\t\t\t\t\t\t\t<div class=\"swiper-slide\" data-slide=\"1\" role=\"group\" aria-roledescription=\"slide\" aria-label=\"1 of 4\">\n\t\t\t\t\t\t\t<div class=\"elementor-element elementor-element-b4349b0 e-flex e-con-boxed e-con e-child\" data-id=\"b4349b0\" data-element_type=\"container\" data-e-type=\"container\">\n\t\t\t\t\t<div class=\"e-con-inner\">\n\t\t<div class=\"elementor-element elementor-element-f8b2628 e-con-full e-flex e-con e-child\" data-id=\"f8b2628\" data-element_type=\"container\" data-e-type=\"container\" data-settings=\"{&quot;background_background&quot;:&quot;classic&quot;}\">\n\t\t\t\t<div class=\"elementor-element elementor-element-dbd40f2 heading elementor-widget elementor-widget-heading\" data-id=\"dbd40f2\" data-element_type=\"widget\" data-e-type=\"widget\" data-widget_type=\"heading.default\">\n\t\t\t\t\t<h2 class=\"elementor-heading-title elementor-size-default\">1995<\/h2>\t\t\t\t<\/div>\n\t\t\t\t<div class=\"elementor-element elementor-element-fe4a81b elementor-widget elementor-widget-text-editor\" data-id=\"fe4a81b\" data-element_type=\"widget\" data-e-type=\"widget\" data-widget_type=\"text-editor.default\">\n\t\t\t\t\t\t\t\t\t<p>Fendigo SA a \u00e9t\u00e9 fond\u00e9e en Belgique en 1995.<\/p>\t\t\t\t\t\t\t\t<\/div>\n\t\t<div class=\"elementor-element elementor-element-2e7ef81 e-con-full e-flex e-con e-child\" data-id=\"2e7ef81\" data-element_type=\"container\" data-e-type=\"container\" data-settings=\"{&quot;background_background&quot;:&quot;classic&quot;,&quot;position&quot;:&quot;absolute&quot;}\">\n\t\t<div class=\"elementor-element elementor-element-ffd7f85 e-con-full e-transform e-flex e-con e-child\" data-id=\"ffd7f85\" data-element_type=\"container\" data-e-type=\"container\" data-settings=\"{&quot;background_background&quot;:&quot;classic&quot;,&quot;_transform_rotateZ_effect&quot;:{&quot;unit&quot;:&quot;px&quot;,&quot;size&quot;:45,&quot;sizes&quot;:[]},&quot;_transform_rotateZ_effect_tablet&quot;:{&quot;unit&quot;:&quot;deg&quot;,&quot;size&quot;:&quot;&quot;,&quot;sizes&quot;:[]},&quot;_transform_rotateZ_effect_mobile&quot;:{&quot;unit&quot;:&quot;deg&quot;,&quot;size&quot;:&quot;&quot;,&quot;sizes&quot;:[]}}\">\n\t\t\t\t<\/div>\n\t\t\t\t<\/div>\n\t\t<div class=\"elementor-element elementor-element-a53432e e-con-full e-flex e-con e-child\" data-id=\"a53432e\" data-element_type=\"container\" data-e-type=\"container\" data-settings=\"{&quot;background_background&quot;:&quot;classic&quot;,&quot;position&quot;:&quot;absolute&quot;}\">\n\t\t<div class=\"elementor-element elementor-element-9ff8e98 e-con-full e-transform e-flex e-con e-child\" data-id=\"9ff8e98\" data-element_type=\"container\" data-e-type=\"container\" data-settings=\"{&quot;background_background&quot;:&quot;classic&quot;,&quot;_transform_rotateZ_effect&quot;:{&quot;unit&quot;:&quot;px&quot;,&quot;size&quot;:45,&quot;sizes&quot;:[]},&quot;_transform_rotateZ_effect_tablet&quot;:{&quot;unit&quot;:&quot;deg&quot;,&quot;size&quot;:&quot;&quot;,&quot;sizes&quot;:[]},&quot;_transform_rotateZ_effect_mobile&quot;:{&quot;unit&quot;:&quot;deg&quot;,&quot;size&quot;:&quot;&quot;,&quot;sizes&quot;:[]}}\">\n\t\t\t\t<\/div>\n\t\t\t\t<\/div>\n\t\t\t\t<\/div>\n\t\t\t\t\t<\/div>\n\t\t\t\t<\/div>\n\t\t\t\t\t\t\t\t<\/div>\n\t\t\t\t\t\t\t\t\t\t\t<div class=\"swiper-slide\" data-slide=\"2\" role=\"group\" aria-roledescription=\"slide\" aria-label=\"2 of 4\">\n\t\t\t\t\t\t\t<div class=\"elementor-element elementor-element-af00757 e-flex e-con-boxed e-con e-child\" data-id=\"af00757\" data-element_type=\"container\" data-e-type=\"container\">\n\t\t\t\t\t<div class=\"e-con-inner\">\n\t\t<div class=\"elementor-element elementor-element-ab1b7be e-con-full e-flex e-con e-child\" data-id=\"ab1b7be\" data-element_type=\"container\" data-e-type=\"container\" data-settings=\"{&quot;background_background&quot;:&quot;classic&quot;}\">\n\t\t\t\t<div class=\"elementor-element elementor-element-7e9e48f heading elementor-widget elementor-widget-heading\" data-id=\"7e9e48f\" data-element_type=\"widget\" data-e-type=\"widget\" data-widget_type=\"heading.default\">\n\t\t\t\t\t<h2 class=\"elementor-heading-title elementor-size-default\">2000<\/h2>\t\t\t\t<\/div>\n\t\t\t\t<div class=\"elementor-element elementor-element-e4d4926 elementor-widget elementor-widget-text-editor\" data-id=\"e4d4926\" data-element_type=\"widget\" data-e-type=\"widget\" data-widget_type=\"text-editor.default\">\n\t\t\t\t\t\t\t\t\tD\u00e9cembre 2000 : Fendigo s&#39;\u00e9tend avec la cr\u00e9ation de Fendigo BV en Hollande,\nfaisant son entr\u00e9e sur le march\u00e9 du Benelux.\t\t\t\t\t\t\t\t<\/div>\n\t\t<div class=\"elementor-element elementor-element-f653a8d e-con-full e-flex e-con e-child\" data-id=\"f653a8d\" data-element_type=\"container\" data-e-type=\"container\" data-settings=\"{&quot;background_background&quot;:&quot;classic&quot;,&quot;position&quot;:&quot;absolute&quot;}\">\n\t\t<div class=\"elementor-element elementor-element-9210830 e-con-full e-transform e-flex e-con e-child\" data-id=\"9210830\" data-element_type=\"container\" data-e-type=\"container\" data-settings=\"{&quot;background_background&quot;:&quot;classic&quot;,&quot;_transform_rotateZ_effect&quot;:{&quot;unit&quot;:&quot;px&quot;,&quot;size&quot;:45,&quot;sizes&quot;:[]},&quot;_transform_rotateZ_effect_tablet&quot;:{&quot;unit&quot;:&quot;deg&quot;,&quot;size&quot;:&quot;&quot;,&quot;sizes&quot;:[]},&quot;_transform_rotateZ_effect_mobile&quot;:{&quot;unit&quot;:&quot;deg&quot;,&quot;size&quot;:&quot;&quot;,&quot;sizes&quot;:[]}}\">\n\t\t\t\t<\/div>\n\t\t\t\t<\/div>\n\t\t\t\t<\/div>\n\t\t\t\t\t<\/div>\n\t\t\t\t<\/div>\n\t\t\t\t\t\t\t\t<\/div>\n\t\t\t\t\t\t\t\t\t\t\t<div class=\"swiper-slide\" data-slide=\"3\" role=\"group\" aria-roledescription=\"slide\" aria-label=\"3 of 4\">\n\t\t\t\t\t\t\t<div class=\"elementor-element elementor-element-6951e0d e-flex e-con-boxed e-con e-child\" data-id=\"6951e0d\" data-element_type=\"container\" data-e-type=\"container\">\n\t\t\t\t\t<div class=\"e-con-inner\">\n\t\t<div class=\"elementor-element elementor-element-30149bf e-con-full e-flex e-con e-child\" data-id=\"30149bf\" data-element_type=\"container\" data-e-type=\"container\" data-settings=\"{&quot;background_background&quot;:&quot;classic&quot;}\">\n\t\t\t\t<div class=\"elementor-element elementor-element-3c1728c heading elementor-widget elementor-widget-heading\" data-id=\"3c1728c\" data-element_type=\"widget\" data-e-type=\"widget\" data-widget_type=\"heading.default\">\n\t\t\t\t\t<h2 class=\"elementor-heading-title elementor-size-default\">2015<\/h2>\t\t\t\t<\/div>\n\t\t\t\t<div class=\"elementor-element elementor-element-e09c57d elementor-widget elementor-widget-text-editor\" data-id=\"e09c57d\" data-element_type=\"widget\" data-e-type=\"widget\" data-widget_type=\"text-editor.default\">\n\t\t\t\t\t\t\t\t\tAnn\u00e9e charni\u00e8re. Fendigo est enti\u00e8rement int\u00e9gr\u00e9 \u00e0 Alivira Animal Health, exactement 20 ans apr\u00e8s sa fondation.\t\t\t\t\t\t\t\t<\/div>\n\t\t<div class=\"elementor-element elementor-element-00851db e-con-full e-flex e-con e-child\" data-id=\"00851db\" data-element_type=\"container\" data-e-type=\"container\" data-settings=\"{&quot;background_background&quot;:&quot;classic&quot;,&quot;position&quot;:&quot;absolute&quot;}\">\n\t\t<div class=\"elementor-element elementor-element-a5722c8 e-con-full e-transform e-flex e-con e-child\" data-id=\"a5722c8\" data-element_type=\"container\" data-e-type=\"container\" data-settings=\"{&quot;background_background&quot;:&quot;classic&quot;,&quot;_transform_rotateZ_effect&quot;:{&quot;unit&quot;:&quot;px&quot;,&quot;size&quot;:45,&quot;sizes&quot;:[]},&quot;_transform_rotateZ_effect_tablet&quot;:{&quot;unit&quot;:&quot;deg&quot;,&quot;size&quot;:&quot;&quot;,&quot;sizes&quot;:[]},&quot;_transform_rotateZ_effect_mobile&quot;:{&quot;unit&quot;:&quot;deg&quot;,&quot;size&quot;:&quot;&quot;,&quot;sizes&quot;:[]}}\">\n\t\t\t\t<\/div>\n\t\t\t\t<\/div>\n\t\t\t\t<\/div>\n\t\t\t\t\t<\/div>\n\t\t\t\t<\/div>\n\t\t\t\t\t\t\t\t<\/div>\n\t\t\t\t\t\t\t\t\t\t\t<div class=\"swiper-slide\" data-slide=\"4\" role=\"group\" aria-roledescription=\"slide\" aria-label=\"4 of 4\">\n\t\t\t\t\t\t\t<div class=\"elementor-element elementor-element-0031c1b e-flex e-con-boxed e-con e-child\" data-id=\"0031c1b\" data-element_type=\"container\" data-e-type=\"container\">\n\t\t\t\t\t<div class=\"e-con-inner\">\n\t\t<div class=\"elementor-element elementor-element-6219d0a e-con-full e-flex e-con e-child\" data-id=\"6219d0a\" data-element_type=\"container\" data-e-type=\"container\" data-settings=\"{&quot;background_background&quot;:&quot;classic&quot;}\">\n\t\t\t\t<div class=\"elementor-element elementor-element-e75b5f0 heading elementor-widget elementor-widget-heading\" data-id=\"e75b5f0\" data-element_type=\"widget\" data-e-type=\"widget\" data-widget_type=\"heading.default\">\n\t\t\t\t\t<h2 class=\"elementor-heading-title elementor-size-default\">2025<\/h2>\t\t\t\t<\/div>\n\t\t\t\t<div class=\"elementor-element elementor-element-7adacbf elementor-widget elementor-widget-text-editor\" data-id=\"7adacbf\" data-element_type=\"widget\" data-e-type=\"widget\" data-widget_type=\"text-editor.default\">\n\t\t\t\t\t\t\t\t\t<p>La derni\u00e8re \u00e9tape importante le 1er mai 2025 : Fendigo change officiellement son<br \/>nom en Alivira.<\/p>\t\t\t\t\t\t\t\t<\/div>\n\t\t<div class=\"elementor-element elementor-element-aafef06 e-con-full e-flex e-con e-child\" data-id=\"aafef06\" data-element_type=\"container\" data-e-type=\"container\" data-settings=\"{&quot;background_background&quot;:&quot;classic&quot;,&quot;position&quot;:&quot;absolute&quot;}\">\n\t\t<div class=\"elementor-element elementor-element-6ca04b7 e-con-full e-transform e-flex e-con e-child\" data-id=\"6ca04b7\" data-element_type=\"container\" data-e-type=\"container\" data-settings=\"{&quot;background_background&quot;:&quot;classic&quot;,&quot;_transform_rotateZ_effect&quot;:{&quot;unit&quot;:&quot;px&quot;,&quot;size&quot;:45,&quot;sizes&quot;:[]},&quot;_transform_rotateZ_effect_tablet&quot;:{&quot;unit&quot;:&quot;deg&quot;,&quot;size&quot;:&quot;&quot;,&quot;sizes&quot;:[]},&quot;_transform_rotateZ_effect_mobile&quot;:{&quot;unit&quot;:&quot;deg&quot;,&quot;size&quot;:&quot;&quot;,&quot;sizes&quot;:[]}}\">\n\t\t\t\t<\/div>\n\t\t\t\t<\/div>\n\t\t\t\t<\/div>\n\t\t\t\t\t<\/div>\n\t\t\t\t<\/div>\n\t\t\t\t\t\t\t\t<\/div>\n\t\t\t\t\t\t\t\t<\/div>\n\t\t<\/div>\n\t\t\t\t\t<div class=\"elementor-swiper-button elementor-swiper-button-prev\" role=\"button\" tabindex=\"0\" aria-label=\"Previous\">\n\t\t\t\t<svg aria-hidden=\"true\" class=\"e-font-icon-svg e-eicon-chevron-left\" viewBox=\"0 0 1000 1000\" xmlns=\"http:\/\/www.w3.org\/2000\/svg\"><path d=\"M646 125C629 125 613 133 604 142L308 442C296 454 292 471 292 487 292 504 296 521 308 533L604 854C617 867 629 875 646 875 663 875 679 871 692 858 704 846 713 829 713 812 713 796 708 779 692 767L438 487 692 225C700 217 708 204 708 187 708 171 704 154 692 142 675 129 663 125 646 125Z\"><\/path><\/svg>\t\t\t<\/div>\n\t\t\t<div class=\"elementor-swiper-button elementor-swiper-button-next\" role=\"button\" tabindex=\"0\" aria-label=\"Next\">\n\t\t\t\t<svg aria-hidden=\"true\" class=\"e-font-icon-svg e-eicon-chevron-right\" viewBox=\"0 0 1000 1000\" xmlns=\"http:\/\/www.w3.org\/2000\/svg\"><path d=\"M696 533C708 521 713 504 713 487 713 471 708 454 696 446L400 146C388 133 375 125 354 125 338 125 325 129 313 142 300 154 292 171 292 187 292 204 296 221 308 233L563 492 304 771C292 783 288 800 288 817 288 833 296 850 308 863 321 871 338 875 354 875 371 875 388 867 400 854L696 533Z\"><\/path><\/svg>\t\t\t<\/div>\n\t\t\t\t\t\t<\/div>\n\t\t\t\t\t<\/div>\n\t\t\t\t<\/div>\n\t\t\t\t<\/div>\n\t\t","protected":false},"excerpt":{"rendered":"<p>Soci\u00e9t\u00e9 Histoire Les Origines de Fendigo : Un V\u00e9ritable Engagement envers les SoinsV\u00e9t\u00e9rinaires Depuis 1995 Fendigo SA a \u00e9t\u00e9 fond\u00e9e en Belgique pendant l&rsquo;hiver 1995 par M. Bernard Lucien Bradfer et M. Mats Bo-G\u00f6ran Carlsson. Leur mission commune \u00e9tait claire et ambitieuse : am\u00e9liorer l&rsquo;acc\u00e8s \u00e0 des m\u00e9dicaments v\u00e9t\u00e9rinaires de haute qualit\u00e9 \u00e0 des prix [&hellip;]<\/p>\n","protected":false},"author":1,"featured_media":0,"parent":0,"menu_order":0,"comment_status":"closed","ping_status":"closed","template":"","meta":{"_acf_changed":false,"footnotes":"","_wp_rev_ctl_limit":""},"class_list":["post-1912","page","type-page","status-publish","hentry"],"acf":[],"yoast_head":"<!-- This site is optimized with the Yoast SEO plugin v27.4 - https:\/\/yoast.com\/product\/yoast-seo-wordpress\/ -->\n<title>Soci\u00e9t\u00e9 - Alivira Belgium<\/title>\n<meta name=\"robots\" content=\"index, follow, max-snippet:-1, max-image-preview:large, max-video-preview:-1\" \/>\n<link rel=\"canonical\" href=\"https:\/\/alivira.be\/fr\/societe\/\" \/>\n<meta property=\"og:locale\" content=\"fr_FR\" \/>\n<meta property=\"og:type\" content=\"article\" \/>\n<meta property=\"og:title\" content=\"Soci\u00e9t\u00e9 - Alivira Belgium\" \/>\n<meta property=\"og:description\" content=\"Soci\u00e9t\u00e9 Histoire Les Origines de Fendigo : Un V\u00e9ritable Engagement envers les SoinsV\u00e9t\u00e9rinaires Depuis 1995 Fendigo SA a \u00e9t\u00e9 fond\u00e9e en Belgique pendant l&rsquo;hiver 1995 par M. Bernard Lucien Bradfer et M. Mats Bo-G\u00f6ran Carlsson. Leur mission commune \u00e9tait claire et ambitieuse : am\u00e9liorer l&rsquo;acc\u00e8s \u00e0 des m\u00e9dicaments v\u00e9t\u00e9rinaires de haute qualit\u00e9 \u00e0 des prix [&hellip;]\" \/>\n<meta property=\"og:url\" content=\"https:\/\/alivira.be\/fr\/societe\/\" \/>\n<meta property=\"og:site_name\" content=\"Alivira Belgium\" \/>\n<meta property=\"article:modified_time\" content=\"2025-08-12T09:13:30+00:00\" \/>\n<meta name=\"twitter:card\" content=\"summary_large_image\" \/>\n<meta name=\"twitter:label1\" content=\"Dur\u00e9e de lecture estim\u00e9e\" \/>\n\t<meta name=\"twitter:data1\" content=\"3 minutes\" \/>\n<script type=\"application\/ld+json\" class=\"yoast-schema-graph\">{\"@context\":\"https:\\\/\\\/schema.org\",\"@graph\":[{\"@type\":\"WebPage\",\"@id\":\"https:\\\/\\\/alivira.be\\\/fr\\\/societe\\\/\",\"url\":\"https:\\\/\\\/alivira.be\\\/fr\\\/societe\\\/\",\"name\":\"Soci\u00e9t\u00e9 - Alivira Belgium\",\"isPartOf\":{\"@id\":\"https:\\\/\\\/alivira.be\\\/#website\"},\"datePublished\":\"2025-06-25T12:33:25+00:00\",\"dateModified\":\"2025-08-12T09:13:30+00:00\",\"breadcrumb\":{\"@id\":\"https:\\\/\\\/alivira.be\\\/fr\\\/societe\\\/#breadcrumb\"},\"inLanguage\":\"fr-FR\",\"potentialAction\":[{\"@type\":\"ReadAction\",\"target\":[\"https:\\\/\\\/alivira.be\\\/fr\\\/societe\\\/\"]}]},{\"@type\":\"BreadcrumbList\",\"@id\":\"https:\\\/\\\/alivira.be\\\/fr\\\/societe\\\/#breadcrumb\",\"itemListElement\":[{\"@type\":\"ListItem\",\"position\":1,\"name\":\"Home\",\"item\":\"https:\\\/\\\/alivira.be\\\/\"},{\"@type\":\"ListItem\",\"position\":2,\"name\":\"Soci\u00e9t\u00e9\"}]},{\"@type\":\"WebSite\",\"@id\":\"https:\\\/\\\/alivira.be\\\/#website\",\"url\":\"https:\\\/\\\/alivira.be\\\/\",\"name\":\"Alivira Belgium\",\"description\":\"\",\"potentialAction\":[{\"@type\":\"SearchAction\",\"target\":{\"@type\":\"EntryPoint\",\"urlTemplate\":\"https:\\\/\\\/alivira.be\\\/?s={search_term_string}\"},\"query-input\":{\"@type\":\"PropertyValueSpecification\",\"valueRequired\":true,\"valueName\":\"search_term_string\"}}],\"inLanguage\":\"fr-FR\"}]}<\/script>\n<!-- \/ Yoast SEO plugin. -->","yoast_head_json":{"title":"Soci\u00e9t\u00e9 - Alivira Belgium","robots":{"index":"index","follow":"follow","max-snippet":"max-snippet:-1","max-image-preview":"max-image-preview:large","max-video-preview":"max-video-preview:-1"},"canonical":"https:\/\/alivira.be\/fr\/societe\/","og_locale":"fr_FR","og_type":"article","og_title":"Soci\u00e9t\u00e9 - Alivira Belgium","og_description":"Soci\u00e9t\u00e9 Histoire Les Origines de Fendigo : Un V\u00e9ritable Engagement envers les SoinsV\u00e9t\u00e9rinaires Depuis 1995 Fendigo SA a \u00e9t\u00e9 fond\u00e9e en Belgique pendant l&rsquo;hiver 1995 par M. Bernard Lucien Bradfer et M. Mats Bo-G\u00f6ran Carlsson. Leur mission commune \u00e9tait claire et ambitieuse : am\u00e9liorer l&rsquo;acc\u00e8s \u00e0 des m\u00e9dicaments v\u00e9t\u00e9rinaires de haute qualit\u00e9 \u00e0 des prix [&hellip;]","og_url":"https:\/\/alivira.be\/fr\/societe\/","og_site_name":"Alivira Belgium","article_modified_time":"2025-08-12T09:13:30+00:00","twitter_card":"summary_large_image","twitter_misc":{"Dur\u00e9e de lecture estim\u00e9e":"3 minutes"},"schema":{"@context":"https:\/\/schema.org","@graph":[{"@type":"WebPage","@id":"https:\/\/alivira.be\/fr\/societe\/","url":"https:\/\/alivira.be\/fr\/societe\/","name":"Soci\u00e9t\u00e9 - Alivira Belgium","isPartOf":{"@id":"https:\/\/alivira.be\/#website"},"datePublished":"2025-06-25T12:33:25+00:00","dateModified":"2025-08-12T09:13:30+00:00","breadcrumb":{"@id":"https:\/\/alivira.be\/fr\/societe\/#breadcrumb"},"inLanguage":"fr-FR","potentialAction":[{"@type":"ReadAction","target":["https:\/\/alivira.be\/fr\/societe\/"]}]},{"@type":"BreadcrumbList","@id":"https:\/\/alivira.be\/fr\/societe\/#breadcrumb","itemListElement":[{"@type":"ListItem","position":1,"name":"Home","item":"https:\/\/alivira.be\/"},{"@type":"ListItem","position":2,"name":"Soci\u00e9t\u00e9"}]},{"@type":"WebSite","@id":"https:\/\/alivira.be\/#website","url":"https:\/\/alivira.be\/","name":"Alivira Belgium","description":"","potentialAction":[{"@type":"SearchAction","target":{"@type":"EntryPoint","urlTemplate":"https:\/\/alivira.be\/?s={search_term_string}"},"query-input":{"@type":"PropertyValueSpecification","valueRequired":true,"valueName":"search_term_string"}}],"inLanguage":"fr-FR"}]}},"_links":{"self":[{"href":"https:\/\/alivira.be\/fr\/wp-json\/wp\/v2\/pages\/1912","targetHints":{"allow":["GET"]}}],"collection":[{"href":"https:\/\/alivira.be\/fr\/wp-json\/wp\/v2\/pages"}],"about":[{"href":"https:\/\/alivira.be\/fr\/wp-json\/wp\/v2\/types\/page"}],"author":[{"embeddable":true,"href":"https:\/\/alivira.be\/fr\/wp-json\/wp\/v2\/users\/1"}],"replies":[{"embeddable":true,"href":"https:\/\/alivira.be\/fr\/wp-json\/wp\/v2\/comments?post=1912"}],"version-history":[{"count":0,"href":"https:\/\/alivira.be\/fr\/wp-json\/wp\/v2\/pages\/1912\/revisions"}],"wp:attachment":[{"href":"https:\/\/alivira.be\/fr\/wp-json\/wp\/v2\/media?parent=1912"}],"curies":[{"name":"wp","href":"https:\/\/api.w.org\/{rel}","templated":true}]}}