{"id":349,"date":"2025-04-15T17:51:13","date_gmt":"2025-04-15T12:21:13","guid":{"rendered":"https:\/\/alivira.be.popopower.com\/?page_id=349"},"modified":"2025-06-27T11:25:21","modified_gmt":"2025-06-27T05:55:21","slug":"news","status":"publish","type":"page","link":"https:\/\/alivira.be\/fr\/news\/","title":{"rendered":"News"},"content":{"rendered":"\t\t<div data-elementor-type=\"wp-page\" data-elementor-id=\"349\" class=\"elementor elementor-349\" data-elementor-post-type=\"page\">\n\t\t\t\t<div class=\"elementor-element elementor-element-d599eca e-con-full e-flex e-con e-parent\" data-id=\"d599eca\" data-element_type=\"container\" data-e-type=\"container\" data-settings=\"{&quot;background_background&quot;:&quot;gradient&quot;}\">\n\t\t<div class=\"elementor-element elementor-element-be3f2cd e-con-full e-flex e-con e-child\" data-id=\"be3f2cd\" data-element_type=\"container\" data-e-type=\"container\">\n\t\t\t\t<div class=\"elementor-element elementor-element-b58f0db gradient-text elementor-widget elementor-widget-heading\" data-id=\"b58f0db\" data-element_type=\"widget\" data-e-type=\"widget\" data-widget_type=\"heading.default\">\n\t\t\t\t\t<h1 class=\"elementor-heading-title elementor-size-default\">Notes<\/h1>\t\t\t\t<\/div>\n\t\t\t\t<\/div>\n\t\t<div class=\"elementor-element elementor-element-bc1d3f6 e-con-full elementor-hidden-mobile e-flex e-con e-child\" data-id=\"bc1d3f6\" data-element_type=\"container\" data-e-type=\"container\" data-settings=\"{&quot;background_background&quot;:&quot;classic&quot;}\">\n\t\t\t\t<\/div>\n\t\t\t\t<\/div>\n\t\t<div class=\"elementor-element elementor-element-d957124 e-flex e-con-boxed e-con e-parent\" data-id=\"d957124\" data-element_type=\"container\" data-e-type=\"container\" data-settings=\"{&quot;background_background&quot;:&quot;classic&quot;}\">\n\t\t\t\t\t<div class=\"e-con-inner\">\n\t\t\t\t<div class=\"elementor-element elementor-element-c142561 news-button elementor-grid-3 elementor-grid-tablet-2 elementor-grid-mobile-1 elementor-widget elementor-widget-loop-grid\" data-id=\"c142561\" data-element_type=\"widget\" data-e-type=\"widget\" data-settings=\"{&quot;template_id&quot;:340,&quot;pagination_type&quot;:&quot;load_more_on_click&quot;,&quot;_skin&quot;:&quot;post&quot;,&quot;columns&quot;:&quot;3&quot;,&quot;columns_tablet&quot;:&quot;2&quot;,&quot;columns_mobile&quot;:&quot;1&quot;,&quot;edit_handle_selector&quot;:&quot;[data-elementor-type=\\&quot;loop-item\\&quot;]&quot;,&quot;load_more_spinner&quot;:{&quot;value&quot;:&quot;fas fa-spinner&quot;,&quot;library&quot;:&quot;fa-solid&quot;},&quot;row_gap&quot;:{&quot;unit&quot;:&quot;px&quot;,&quot;size&quot;:&quot;&quot;,&quot;sizes&quot;:[]},&quot;row_gap_tablet&quot;:{&quot;unit&quot;:&quot;px&quot;,&quot;size&quot;:&quot;&quot;,&quot;sizes&quot;:[]},&quot;row_gap_mobile&quot;:{&quot;unit&quot;:&quot;px&quot;,&quot;size&quot;:&quot;&quot;,&quot;sizes&quot;:[]}}\" data-widget_type=\"loop-grid.post\">\n\t\t\t\t<div class=\"elementor-widget-container\">\n\t\t\t\t\t\t\t<div class=\"elementor-loop-container elementor-grid\" role=\"list\">\n\t\t<style id=\"loop-340\">.elementor-340 .elementor-element.elementor-element-3bedad61{--display:flex;--flex-direction:column;--container-widget-width:100%;--container-widget-height:initial;--container-widget-flex-grow:0;--container-widget-align-self:initial;--flex-wrap-mobile:wrap;--gap:0px 0px;--row-gap:0px;--column-gap:0px;--overflow:hidden;--border-radius:10px 10px 10px 10px;box-shadow:2px 2px 15px 0px rgba(127.0962448120117, 127.0962448120117, 127.0962448120117, 0.22);--margin-top:0px;--margin-bottom:0px;--margin-left:0px;--margin-right:0px;--padding-top:0px;--padding-bottom:0px;--padding-left:0px;--padding-right:0px;}.elementor-widget-image .widget-image-caption{color:var( --e-global-color-text );font-family:var( --e-global-typography-text-font-family ), Sans-serif;font-weight:var( --e-global-typography-text-font-weight );}.elementor-340 .elementor-element.elementor-element-6d20f004 img{width:100%;height:400px;object-fit:cover;object-position:top center;}.elementor-340 .elementor-element.elementor-element-21cb618a{--display:flex;--min-height:180px;--gap:10px 10px;--row-gap:10px;--column-gap:10px;}.elementor-widget-theme-post-title .elementor-heading-title{font-family:var( --e-global-typography-primary-font-family ), Sans-serif;font-weight:var( --e-global-typography-primary-font-weight );color:var( --e-global-color-primary );}.elementor-340 .elementor-element.elementor-element-40aa7960 .elementor-heading-title{font-size:20px;font-weight:600;line-height:1.2em;letter-spacing:0px;color:#2F1A7C;}.elementor-widget-theme-post-content{color:var( --e-global-color-text );font-family:var( --e-global-typography-text-font-family ), Sans-serif;font-weight:var( --e-global-typography-text-font-weight );}.elementor-340 .elementor-element.elementor-element-d8a84b7{color:#333333;}.elementor-widget-theme-post-excerpt{font-family:var( --e-global-typography-text-font-family ), Sans-serif;font-weight:var( --e-global-typography-text-font-weight );color:var( --e-global-color-text );}.elementor-340 .elementor-element.elementor-element-5a14eb88{font-family:\"Work Sans\", Sans-serif;font-size:18px;font-weight:400;color:#333333;margin:0px 0px calc(var(--kit-widget-spacing, 0px) + -10px) 0px;}\/* Start custom CSS for theme-post-title, class: .elementor-element-40aa7960 *\/.elementor-340 .elementor-element.elementor-element-40aa7960 h3:hover{\n    color:#2BA911 !important;\n}\/* End custom CSS *\/<\/style>\t\t<div data-elementor-type=\"loop-item\" data-elementor-id=\"340\" class=\"elementor elementor-340 elementor-306 e-loop-item e-loop-item-3655 post-3655 post type-post status-publish format-standard has-post-thumbnail hentry category-non-classifiee\" data-elementor-post-type=\"elementor_library\" data-custom-edit-handle=\"1\">\n\t\t\t<div class=\"elementor-element elementor-element-3bedad61 e-flex e-con-boxed e-con e-parent\" data-id=\"3bedad61\" data-element_type=\"container\" data-e-type=\"container\">\n\t\t\t\t\t<div class=\"e-con-inner\">\n\t\t\t\t<div class=\"elementor-element elementor-element-6d20f004 elementor-widget elementor-widget-image\" data-id=\"6d20f004\" data-element_type=\"widget\" data-e-type=\"widget\" data-widget_type=\"image.default\">\n\t\t\t\t\t\t\t\t\t\t\t\t\t\t\t<img fetchpriority=\"high\" decoding=\"async\" width=\"1000\" height=\"1000\" src=\"https:\/\/alivira.be\/wp-content\/uploads\/2025\/04\/DP-Remend-0.4-FR-ES-box-vial.webp\" class=\"attachment-full size-full wp-image-3313\" alt=\"\" srcset=\"https:\/\/alivira.be\/wp-content\/uploads\/2025\/04\/DP-Remend-0.4-FR-ES-box-vial.webp 1000w, https:\/\/alivira.be\/wp-content\/uploads\/2025\/04\/DP-Remend-0.4-FR-ES-box-vial-300x300.webp 300w, https:\/\/alivira.be\/wp-content\/uploads\/2025\/04\/DP-Remend-0.4-FR-ES-box-vial-150x150.webp 150w, https:\/\/alivira.be\/wp-content\/uploads\/2025\/04\/DP-Remend-0.4-FR-ES-box-vial-768x768.webp 768w\" sizes=\"(max-width: 1000px) 100vw, 1000px\" \/>\t\t\t\t\t\t\t\t\t\t\t\t\t\t\t<\/div>\n\t\t<div class=\"elementor-element elementor-element-21cb618a e-con-full e-flex e-con e-child\" data-id=\"21cb618a\" data-element_type=\"container\" data-e-type=\"container\">\n\t\t\t\t<div class=\"elementor-element elementor-element-40aa7960 elementor-widget elementor-widget-theme-post-title elementor-page-title elementor-widget-heading\" data-id=\"40aa7960\" data-element_type=\"widget\" data-e-type=\"widget\" data-widget_type=\"theme-post-title.default\">\n\t\t\t\t\t<h3 class=\"elementor-heading-title elementor-size-default\"><a href=\"https:\/\/alivira.be\/fr\/remend-0-4\/\">Remend 0.4<\/a><\/h3>\t\t\t\t<\/div>\n\t\t\t\t<div class=\"elementor-element elementor-element-332b338 elementor-widget elementor-widget-html\" data-id=\"332b338\" data-element_type=\"widget\" data-e-type=\"widget\" data-widget_type=\"html.default\">\n\t\t\t\t\t<script>\r\ndocument.addEventListener(\"DOMContentLoaded\", function () {\r\n\r\n    function trimPosts() {\r\n        document.querySelectorAll('.elementor-widget-theme-post-content').forEach(function(widget) {\r\n\r\n            const paragraphs = widget.querySelectorAll('p');\r\n\r\n            paragraphs.forEach((p, index) => {\r\n\r\n                if (index === 0) {\r\n                    \/\/ Trim first paragraph to 20 words\r\n                    const fullText = p.innerText.trim();\r\n                    const words = fullText.split(\/\\s+\/);\r\n\r\n                    if (words.length > 20) {\r\n                        p.innerText = words.slice(0, 20).join(' ') + '...';\r\n                    }\r\n                } else {\r\n                    \/\/ Remove ALL other paragraphs\r\n                    p.remove();\r\n                }\r\n\r\n            });\r\n\r\n        });\r\n    }\r\n\r\n    \/\/ Run after slight delay (important for Elementor loop)\r\n    setTimeout(trimPosts, 500);\r\n\r\n});\r\n<\/script>\t\t\t\t<\/div>\n\t\t\t\t<div class=\"elementor-element elementor-element-d8a84b7 elementor-widget elementor-widget-theme-post-content\" data-id=\"d8a84b7\" data-element_type=\"widget\" data-e-type=\"widget\" data-widget_type=\"theme-post-content.default\">\n\t\t\t\t\t<p>La solution pour un confort accru des yeux secs et irrit\u00e9s. <\/p>\n<p> A base d\u2019acide hyaluronique brevet\u00e9 0.4%, r\u00e9ticul\u00e9.<\/p>\n\t\t\t\t<\/div>\n\t\t\t\t<div class=\"elementor-element elementor-element-5a14eb88 elementor-hidden-desktop elementor-hidden-tablet elementor-hidden-mobile elementor-widget elementor-widget-theme-post-excerpt\" data-id=\"5a14eb88\" data-element_type=\"widget\" data-e-type=\"widget\" data-widget_type=\"theme-post-excerpt.default\">\n\t\t\t\t\t<p>La solution pour un confort accru des yeux secs et irrit\u00e9s. A base d\u2019acide hyaluronique brevet\u00e9 0.4%, r\u00e9ticul\u00e9.<\/p>\t\t\t\t<\/div>\n\t\t\t\t<\/div>\n\t\t\t\t\t<\/div>\n\t\t\t\t<\/div>\n\t\t\t\t<\/div>\n\t\t\t\t<div data-elementor-type=\"loop-item\" data-elementor-id=\"340\" class=\"elementor elementor-340 elementor-306 e-loop-item e-loop-item-3653 post-3653 post type-post status-publish format-standard has-post-thumbnail hentry category-non-classifiee\" data-elementor-post-type=\"elementor_library\" data-custom-edit-handle=\"1\">\n\t\t\t<div class=\"elementor-element elementor-element-3bedad61 e-flex e-con-boxed e-con e-parent\" data-id=\"3bedad61\" data-element_type=\"container\" data-e-type=\"container\">\n\t\t\t\t\t<div class=\"e-con-inner\">\n\t\t\t\t<div class=\"elementor-element elementor-element-6d20f004 elementor-widget elementor-widget-image\" data-id=\"6d20f004\" data-element_type=\"widget\" data-e-type=\"widget\" data-widget_type=\"image.default\">\n\t\t\t\t\t\t\t\t\t\t\t\t\t\t\t<img decoding=\"async\" src=\"https:\/\/alivira.be\/wp-content\/uploads\/2025\/07\/DP-Remend-0.75-FR-ES-box-vial.png\" class=\"attachment-full size-full wp-image-2241\" alt=\"\" \/>\t\t\t\t\t\t\t\t\t\t\t\t\t\t\t<\/div>\n\t\t<div class=\"elementor-element elementor-element-21cb618a e-con-full e-flex e-con e-child\" data-id=\"21cb618a\" data-element_type=\"container\" data-e-type=\"container\">\n\t\t\t\t<div class=\"elementor-element elementor-element-40aa7960 elementor-widget elementor-widget-theme-post-title elementor-page-title elementor-widget-heading\" data-id=\"40aa7960\" data-element_type=\"widget\" data-e-type=\"widget\" data-widget_type=\"theme-post-title.default\">\n\t\t\t\t\t<h3 class=\"elementor-heading-title elementor-size-default\"><a href=\"https:\/\/alivira.be\/fr\/remend-75\/\">Remend 0.75<\/a><\/h3>\t\t\t\t<\/div>\n\t\t\t\t<div class=\"elementor-element elementor-element-332b338 elementor-widget elementor-widget-html\" data-id=\"332b338\" data-element_type=\"widget\" data-e-type=\"widget\" data-widget_type=\"html.default\">\n\t\t\t\t\t<script>\r\ndocument.addEventListener(\"DOMContentLoaded\", function () {\r\n\r\n    function trimPosts() {\r\n        document.querySelectorAll('.elementor-widget-theme-post-content').forEach(function(widget) {\r\n\r\n            const paragraphs = widget.querySelectorAll('p');\r\n\r\n            paragraphs.forEach((p, index) => {\r\n\r\n                if (index === 0) {\r\n                    \/\/ Trim first paragraph to 20 words\r\n                    const fullText = p.innerText.trim();\r\n                    const words = fullText.split(\/\\s+\/);\r\n\r\n                    if (words.length > 20) {\r\n                        p.innerText = words.slice(0, 20).join(' ') + '...';\r\n                    }\r\n                } else {\r\n                    \/\/ Remove ALL other paragraphs\r\n                    p.remove();\r\n                }\r\n\r\n            });\r\n\r\n        });\r\n    }\r\n\r\n    \/\/ Run after slight delay (important for Elementor loop)\r\n    setTimeout(trimPosts, 500);\r\n\r\n});\r\n<\/script>\t\t\t\t<\/div>\n\t\t\t\t<div class=\"elementor-element elementor-element-d8a84b7 elementor-widget elementor-widget-theme-post-content\" data-id=\"d8a84b7\" data-element_type=\"widget\" data-e-type=\"widget\" data-widget_type=\"theme-post-content.default\">\n\t\t\t\t\t<p>Soutien au renouvellement cellulaire, combin\u00e9 \u00e0 des propri\u00e9t\u00e9s lubrifiantes pour les yeux.<br \/> A base d\u2019acide hyaluronique brevet\u00e9, hautement concentr\u00e9 (0.75%) et r\u00e9ticul\u00e9. <\/p>\n\t\t\t\t<\/div>\n\t\t\t\t<div class=\"elementor-element elementor-element-5a14eb88 elementor-hidden-desktop elementor-hidden-tablet elementor-hidden-mobile elementor-widget elementor-widget-theme-post-excerpt\" data-id=\"5a14eb88\" data-element_type=\"widget\" data-e-type=\"widget\" data-widget_type=\"theme-post-excerpt.default\">\n\t\t\t\t\t<p>Soutien au renouvellement cellulaire, combin\u00e9 \u00e0 des propri\u00e9t\u00e9s lubrifiantes pour les yeux. A base d\u2019acide hyaluronique brevet\u00e9, hautement concentr\u00e9 (0.75%) et r\u00e9ticul\u00e9.<\/p>\t\t\t\t<\/div>\n\t\t\t\t<\/div>\n\t\t\t\t\t<\/div>\n\t\t\t\t<\/div>\n\t\t\t\t<\/div>\n\t\t\t\t<div data-elementor-type=\"loop-item\" data-elementor-id=\"340\" class=\"elementor elementor-340 elementor-306 e-loop-item e-loop-item-337 post-337 post type-post status-publish format-standard has-post-thumbnail hentry category-non-classifiee\" data-elementor-post-type=\"elementor_library\" data-custom-edit-handle=\"1\">\n\t\t\t<div class=\"elementor-element elementor-element-3bedad61 e-flex e-con-boxed e-con e-parent\" data-id=\"3bedad61\" data-element_type=\"container\" data-e-type=\"container\">\n\t\t\t\t\t<div class=\"e-con-inner\">\n\t\t\t\t<div class=\"elementor-element elementor-element-6d20f004 elementor-widget elementor-widget-image\" data-id=\"6d20f004\" data-element_type=\"widget\" data-e-type=\"widget\" data-widget_type=\"image.default\">\n\t\t\t\t\t\t\t\t\t\t\t\t\t\t\t<img decoding=\"async\" width=\"1015\" height=\"866\" src=\"https:\/\/alivira.be\/wp-content\/uploads\/2025\/04\/1-1.jpg\" class=\"attachment-full size-full wp-image-319\" alt=\"\" srcset=\"https:\/\/alivira.be\/wp-content\/uploads\/2025\/04\/1-1.jpg 1015w, https:\/\/alivira.be\/wp-content\/uploads\/2025\/04\/1-1-300x256.jpg 300w, https:\/\/alivira.be\/wp-content\/uploads\/2025\/04\/1-1-768x655.jpg 768w\" sizes=\"(max-width: 1015px) 100vw, 1015px\" \/>\t\t\t\t\t\t\t\t\t\t\t\t\t\t\t<\/div>\n\t\t<div class=\"elementor-element elementor-element-21cb618a e-con-full e-flex e-con e-child\" data-id=\"21cb618a\" data-element_type=\"container\" data-e-type=\"container\">\n\t\t\t\t<div class=\"elementor-element elementor-element-40aa7960 elementor-widget elementor-widget-theme-post-title elementor-page-title elementor-widget-heading\" data-id=\"40aa7960\" data-element_type=\"widget\" data-e-type=\"widget\" data-widget_type=\"theme-post-title.default\">\n\t\t\t\t\t<h3 class=\"elementor-heading-title elementor-size-default\"><a href=\"https:\/\/alivira.be\/fr\/nieuw-pand\/\">Nouveau nom\u2013 nouvelle adresse<\/a><\/h3>\t\t\t\t<\/div>\n\t\t\t\t<div class=\"elementor-element elementor-element-332b338 elementor-widget elementor-widget-html\" data-id=\"332b338\" data-element_type=\"widget\" data-e-type=\"widget\" data-widget_type=\"html.default\">\n\t\t\t\t\t<script>\r\ndocument.addEventListener(\"DOMContentLoaded\", function () {\r\n\r\n    function trimPosts() {\r\n        document.querySelectorAll('.elementor-widget-theme-post-content').forEach(function(widget) {\r\n\r\n            const paragraphs = widget.querySelectorAll('p');\r\n\r\n            paragraphs.forEach((p, index) => {\r\n\r\n                if (index === 0) {\r\n                    \/\/ Trim first paragraph to 20 words\r\n                    const fullText = p.innerText.trim();\r\n                    const words = fullText.split(\/\\s+\/);\r\n\r\n                    if (words.length > 20) {\r\n                        p.innerText = words.slice(0, 20).join(' ') + '...';\r\n                    }\r\n                } else {\r\n                    \/\/ Remove ALL other paragraphs\r\n                    p.remove();\r\n                }\r\n\r\n            });\r\n\r\n        });\r\n    }\r\n\r\n    \/\/ Run after slight delay (important for Elementor loop)\r\n    setTimeout(trimPosts, 500);\r\n\r\n});\r\n<\/script>\t\t\t\t<\/div>\n\t\t\t\t<div class=\"elementor-element elementor-element-d8a84b7 elementor-widget elementor-widget-theme-post-content\" data-id=\"d8a84b7\" data-element_type=\"widget\" data-e-type=\"widget\" data-widget_type=\"theme-post-content.default\">\n\t\t\t\t\t\n<p>Nous avons le plaisir d\u2019annoncer une \u00e9tape importante dans notre croissance : Fendigo change de nom et devient d\u00e8s aujourd\u2019hui Alivira. Notre rebranding vers Alivira repr\u00e9sente bien plus qu\u2019un changement de nom. Il  s\u2019agit d\u2019une nouvelle \u00e9tape dans un parcours engag\u00e9 depuis des ann\u00e9es. Fendigo faisait partie d\u2019Alivira depuis 2015 et aujourd\u2019hui, nous rendons cette collaboration visible. Nous unissons l\u2019expertise locale \u00e0 la puissance internationale.<\/p>\n\n\n\n<p>Nous avons \u00e9galement une nouvelle adresse, d\u00e9sormais vous pouvez nous trouver au Kolonel Begaultlaan 1A b14 \u00e0 3012 Leuven.<\/p>\n\n\n\n<p>Bienvenue dans la nouvelle g\u00e9n\u00e9ration de la sant\u00e9 animale. Bienvenue chez Alivira Animal Health.<\/p>\n\n\n\n<p><\/p>\n\t\t\t\t<\/div>\n\t\t\t\t<div class=\"elementor-element elementor-element-5a14eb88 elementor-hidden-desktop elementor-hidden-tablet elementor-hidden-mobile elementor-widget elementor-widget-theme-post-excerpt\" data-id=\"5a14eb88\" data-element_type=\"widget\" data-e-type=\"widget\" data-widget_type=\"theme-post-excerpt.default\">\n\t\t\t\t\t<p>Nous avons le plaisir d\u2019annoncer une \u00e9tape importante dans notre croissance : Fendigo change de nom et devient d\u00e8s aujourd\u2019hui Alivira. Notre\t\t\t\t<\/div>\n\t\t\t\t<\/div>\n\t\t\t\t\t<\/div>\n\t\t\t\t<\/div>\n\t\t\t\t<\/div>\n\t\t\t\t<\/div>\n\t\t\t\t\t<span class=\"e-load-more-spinner\">\n\t\t\t\t<svg aria-hidden=\"true\" class=\"e-font-icon-svg e-fas-spinner\" viewBox=\"0 0 512 512\" xmlns=\"http:\/\/www.w3.org\/2000\/svg\"><path d=\"M304 48c0 26.51-21.49 48-48 48s-48-21.49-48-48 21.49-48 48-48 48 21.49 48 48zm-48 368c-26.51 0-48 21.49-48 48s21.49 48 48 48 48-21.49 48-48-21.49-48-48-48zm208-208c-26.51 0-48 21.49-48 48s21.49 48 48 48 48-21.49 48-48-21.49-48-48-48zM96 256c0-26.51-21.49-48-48-48S0 229.49 0 256s21.49 48 48 48 48-21.49 48-48zm12.922 99.078c-26.51 0-48 21.49-48 48s21.49 48 48 48 48-21.49 48-48c0-26.509-21.491-48-48-48zm294.156 0c-26.51 0-48 21.49-48 48s21.49 48 48 48 48-21.49 48-48c0-26.509-21.49-48-48-48zM108.922 60.922c-26.51 0-48 21.49-48 48s21.49 48 48 48 48-21.49 48-48-21.491-48-48-48z\"><\/path><\/svg>\t\t\t<\/span>\n\t\t\n\t\t\t\t\t\t<\/div>\n\t\t\t\t<\/div>\n\t\t\t\t\t<\/div>\n\t\t\t\t<\/div>\n\t\t\t\t<\/div>\n\t\t","protected":false},"excerpt":{"rendered":"<p>Notes<\/p>\n","protected":false},"author":1,"featured_media":0,"parent":0,"menu_order":0,"comment_status":"closed","ping_status":"closed","template":"","meta":{"_acf_changed":false,"footnotes":"","_wp_rev_ctl_limit":""},"class_list":["post-349","page","type-page","status-publish","hentry"],"acf":[],"yoast_head":"<!-- This site is optimized with the Yoast SEO plugin v27.4 - https:\/\/yoast.com\/product\/yoast-seo-wordpress\/ -->\n<title>News - Alivira Belgium<\/title>\n<meta name=\"robots\" content=\"index, follow, max-snippet:-1, max-image-preview:large, max-video-preview:-1\" \/>\n<link rel=\"canonical\" href=\"https:\/\/alivira.be\/fr\/news\/\" \/>\n<meta property=\"og:locale\" content=\"fr_FR\" \/>\n<meta property=\"og:type\" content=\"article\" \/>\n<meta property=\"og:title\" content=\"News - Alivira Belgium\" \/>\n<meta property=\"og:description\" content=\"Notes\" \/>\n<meta property=\"og:url\" content=\"https:\/\/alivira.be\/fr\/news\/\" \/>\n<meta property=\"og:site_name\" content=\"Alivira Belgium\" \/>\n<meta property=\"article:modified_time\" content=\"2025-06-27T05:55:21+00:00\" \/>\n<meta name=\"twitter:card\" content=\"summary_large_image\" \/>\n<meta name=\"twitter:label1\" content=\"Dur\u00e9e de lecture estim\u00e9e\" \/>\n\t<meta name=\"twitter:data1\" content=\"3 minutes\" \/>\n<script type=\"application\/ld+json\" class=\"yoast-schema-graph\">{\"@context\":\"https:\\\/\\\/schema.org\",\"@graph\":[{\"@type\":\"WebPage\",\"@id\":\"https:\\\/\\\/alivira.be\\\/fr\\\/news\\\/\",\"url\":\"https:\\\/\\\/alivira.be\\\/fr\\\/news\\\/\",\"name\":\"News - Alivira Belgium\",\"isPartOf\":{\"@id\":\"https:\\\/\\\/alivira.be\\\/#website\"},\"datePublished\":\"2025-04-15T12:21:13+00:00\",\"dateModified\":\"2025-06-27T05:55:21+00:00\",\"breadcrumb\":{\"@id\":\"https:\\\/\\\/alivira.be\\\/fr\\\/news\\\/#breadcrumb\"},\"inLanguage\":\"fr-FR\",\"potentialAction\":[{\"@type\":\"ReadAction\",\"target\":[\"https:\\\/\\\/alivira.be\\\/fr\\\/news\\\/\"]}]},{\"@type\":\"BreadcrumbList\",\"@id\":\"https:\\\/\\\/alivira.be\\\/fr\\\/news\\\/#breadcrumb\",\"itemListElement\":[{\"@type\":\"ListItem\",\"position\":1,\"name\":\"Home\",\"item\":\"https:\\\/\\\/alivira.be\\\/\"},{\"@type\":\"ListItem\",\"position\":2,\"name\":\"News\"}]},{\"@type\":\"WebSite\",\"@id\":\"https:\\\/\\\/alivira.be\\\/#website\",\"url\":\"https:\\\/\\\/alivira.be\\\/\",\"name\":\"Alivira Belgium\",\"description\":\"\",\"potentialAction\":[{\"@type\":\"SearchAction\",\"target\":{\"@type\":\"EntryPoint\",\"urlTemplate\":\"https:\\\/\\\/alivira.be\\\/?s={search_term_string}\"},\"query-input\":{\"@type\":\"PropertyValueSpecification\",\"valueRequired\":true,\"valueName\":\"search_term_string\"}}],\"inLanguage\":\"fr-FR\"}]}<\/script>\n<!-- \/ Yoast SEO plugin. -->","yoast_head_json":{"title":"News - Alivira Belgium","robots":{"index":"index","follow":"follow","max-snippet":"max-snippet:-1","max-image-preview":"max-image-preview:large","max-video-preview":"max-video-preview:-1"},"canonical":"https:\/\/alivira.be\/fr\/news\/","og_locale":"fr_FR","og_type":"article","og_title":"News - Alivira Belgium","og_description":"Notes","og_url":"https:\/\/alivira.be\/fr\/news\/","og_site_name":"Alivira Belgium","article_modified_time":"2025-06-27T05:55:21+00:00","twitter_card":"summary_large_image","twitter_misc":{"Dur\u00e9e de lecture estim\u00e9e":"3 minutes"},"schema":{"@context":"https:\/\/schema.org","@graph":[{"@type":"WebPage","@id":"https:\/\/alivira.be\/fr\/news\/","url":"https:\/\/alivira.be\/fr\/news\/","name":"News - Alivira Belgium","isPartOf":{"@id":"https:\/\/alivira.be\/#website"},"datePublished":"2025-04-15T12:21:13+00:00","dateModified":"2025-06-27T05:55:21+00:00","breadcrumb":{"@id":"https:\/\/alivira.be\/fr\/news\/#breadcrumb"},"inLanguage":"fr-FR","potentialAction":[{"@type":"ReadAction","target":["https:\/\/alivira.be\/fr\/news\/"]}]},{"@type":"BreadcrumbList","@id":"https:\/\/alivira.be\/fr\/news\/#breadcrumb","itemListElement":[{"@type":"ListItem","position":1,"name":"Home","item":"https:\/\/alivira.be\/"},{"@type":"ListItem","position":2,"name":"News"}]},{"@type":"WebSite","@id":"https:\/\/alivira.be\/#website","url":"https:\/\/alivira.be\/","name":"Alivira Belgium","description":"","potentialAction":[{"@type":"SearchAction","target":{"@type":"EntryPoint","urlTemplate":"https:\/\/alivira.be\/?s={search_term_string}"},"query-input":{"@type":"PropertyValueSpecification","valueRequired":true,"valueName":"search_term_string"}}],"inLanguage":"fr-FR"}]}},"_links":{"self":[{"href":"https:\/\/alivira.be\/fr\/wp-json\/wp\/v2\/pages\/349","targetHints":{"allow":["GET"]}}],"collection":[{"href":"https:\/\/alivira.be\/fr\/wp-json\/wp\/v2\/pages"}],"about":[{"href":"https:\/\/alivira.be\/fr\/wp-json\/wp\/v2\/types\/page"}],"author":[{"embeddable":true,"href":"https:\/\/alivira.be\/fr\/wp-json\/wp\/v2\/users\/1"}],"replies":[{"embeddable":true,"href":"https:\/\/alivira.be\/fr\/wp-json\/wp\/v2\/comments?post=349"}],"version-history":[{"count":0,"href":"https:\/\/alivira.be\/fr\/wp-json\/wp\/v2\/pages\/349\/revisions"}],"wp:attachment":[{"href":"https:\/\/alivira.be\/fr\/wp-json\/wp\/v2\/media?parent=349"}],"curies":[{"name":"wp","href":"https:\/\/api.w.org\/{rel}","templated":true}]}}